{"id":11761,"date":"2022-01-30T13:31:31","date_gmt":"2022-01-30T13:31:31","guid":{"rendered":"https:\/\/www.mdnl.nl\/?page_id=11761"},"modified":"2026-04-14T08:39:09","modified_gmt":"2026-04-14T06:39:09","slug":"poezie-van-nu","status":"publish","type":"page","link":"https:\/\/www.mdnl.nl\/?page_id=11761","title":{"rendered":"Po\u00ebzie van nu"},"content":{"rendered":"<p><em><i>Mario Molegraaf belicht in deze rubriek recent verschenen bundels van Nederlandse en Vlaamse dichters.\u00a0<\/i><\/em><\/p>\n<p><a href=\"https:\/\/www.mdnl.nl\/?p=11713\"><strong>aflevering 1: <em>Komijnsplitsers<\/em> van Marieke Lucas Rijneveld<\/strong><\/a><\/p>\n<p><a href=\"https:\/\/www.mdnl.nl\/?p=11720\"><strong>aflevering 2: <em>Wij waren onder de betovering<\/em> van Ramsey Nasr<\/strong><\/a><\/p>\n<p><a href=\"https:\/\/www.mdnl.nl\/?p=11775\"><strong>aflevering 3: <em>De bijendans<\/em> van Paul Demets<\/strong><\/a><\/p>\n<p><a href=\"https:\/\/www.mdnl.nl\/?p=11848\"><strong>aflevering 4: <em>Trapezista<\/em> van Anne van Amstel<\/strong><\/a><\/p>\n<p><a href=\"https:\/\/www.mdnl.nl\/?p=11943\"><strong>aflevering 5: <em>OustFaust<\/em> van Tom Lanoye<\/strong><\/a><\/p>\n<p><a href=\"https:\/\/www.mdnl.nl\/?p=11887\"><strong>aflevering 6: <em>Placebomens<\/em> van Emma van Hooff\u00a0<\/strong><\/a><\/p>\n<p><a href=\"https:\/\/www.mdnl.nl\/?p=12103\"><strong>aflevering 7: <em>Eerste liefde. Rondelen over het thema van de Boekenweek<\/em><\/strong><\/a><\/p>\n<p><a href=\"https:\/\/www.mdnl.nl\/?p=11946\"><strong>aflevering 8: <em>Het einde van de po\u00ebzie<\/em> van Mark Boog<\/strong><\/a><\/p>\n<p><a href=\"https:\/\/www.mdnl.nl\/?p=12201\"><strong>aflevering 9: <em>Het Liegend Konijn<\/em><\/strong><\/a><\/p>\n<p><a href=\"https:\/\/www.mdnl.nl\/?p=12154\"><strong>aflevering 10: Peter Slager in de reeks <em>Taalkunstenaars<\/em><\/strong><\/a><\/p>\n<p><a href=\"https:\/\/www.mdnl.nl\/?p=12059\"><strong>aflevering 11: <em>Oerhert<\/em> van Astrid Haerens<\/strong><\/a><\/p>\n<p><a href=\"https:\/\/www.mdnl.nl\/?p=12266\"><strong>aflevering 12: <em>Waar is het lam?<\/em> van Mustafa Stitou<\/strong><\/a><\/p>\n<p><a href=\"https:\/\/www.mdnl.nl\/?p=12465\"><strong>aflevering 13: <em>Week<\/em> van Gerda Blees<\/strong><\/a><\/p>\n<p><a href=\"https:\/\/www.mdnl.nl\/?p=12382\"><strong>aflevering 14: <em>De spronglaag<\/em> van Esther Jansma<\/strong><\/a><\/p>\n<p><a href=\"https:\/\/www.mdnl.nl\/?p=12350\"><strong>aflevering 15: <em>De Trompetten van Toetanchamon<\/em> van Andy Fierens<\/strong><\/a><\/p>\n<p><a href=\"https:\/\/www.mdnl.nl\/?p=12485\"><strong>aflevering 16: <em>Parijse walging<\/em>, de Baudelaire-vertaling van Hafid Bouazza<\/strong><\/a><\/p>\n<p><a href=\"https:\/\/www.mdnl.nl\/?p=12378\"><strong>aflevering 17: <em>Mythen en stoplichten<\/em> van Alara Adilow<\/strong><\/a><\/p>\n<p><a href=\"https:\/\/www.mdnl.nl\/?p=12261\"><strong>aflevering 18: <em>Waarvandaan<\/em> van Hans Tentije<\/strong><\/a><\/p>\n<p><a href=\"https:\/\/www.mdnl.nl\/?p=12649\"><strong>aflevering 19: <em>Plooi<\/em> van Babeth Fonchie Fotchind<\/strong><\/a><\/p>\n<p><a href=\"https:\/\/www.mdnl.nl\/?p=12653\"><strong>aflevering 20: <em>Meestal tussen bomen<\/em> van Elly de Waard<\/strong><\/a><\/p>\n<p><a href=\"https:\/\/www.mdnl.nl\/?p=12691\"><strong>aflevering 21: <em>Gij zult niet bloemlezen!<\/em> van Louis Lehmann<\/strong><\/a><\/p>\n<p><a href=\"https:\/\/www.mdnl.nl\/?p=12696\"><strong>aflevering 22: <em>Diamant zonder r<\/em> van Maria Barnas<\/strong><\/a><\/p>\n<p><a href=\"https:\/\/www.mdnl.nl\/?p=12904\"><strong>aflevering 23: <em>Kokanje<\/em> van Hannah van Binsbergen<\/strong><\/a><\/p>\n<p><a href=\"https:\/\/www.mdnl.nl\/?p=12939\"><strong>aflevering 24: <em>Slangen<\/em> van Dominique De Groen<\/strong><\/a><\/p>\n<p><a href=\"https:\/\/www.mdnl.nl\/?p=13219\"><strong>aflevering 25: <em>Sneller langzaam<\/em> van Judith Herzberg<\/strong><\/a><\/p>\n<p><a href=\"https:\/\/www.mdnl.nl\/?p=13049\"><strong>aflevering 26: <em>Alleen de warme dagen waren echt<\/em> van Rob van Essen<\/strong><\/a><\/p>\n<p><a href=\"https:\/\/www.mdnl.nl\/?p=13144\"><strong>aflevering 27: <em>Een binnenplaats met gras<\/em> van Maurice Gilliams<\/strong><\/a><\/p>\n<p><a href=\"https:\/\/www.mdnl.nl\/?p=13150\"><strong>aflevering 28: <em>voor wie de tijd verstrijkt<\/em> van Miriam Van hee<\/strong><\/a><\/p>\n<p><a href=\"https:\/\/www.mdnl.nl\/?p=13382\"><strong>aflevering 29: <em>Ongevraagd advies<\/em> van Ester Naomi Perquin<\/strong><\/a><\/p>\n<p><a href=\"https:\/\/www.mdnl.nl\/?p=13401\"><strong>aflevering 30: <em>Poging een luchtig gedicht te schrijven<\/em> van Wouter Godijn<\/strong><\/a><\/p>\n<p><a href=\"https:\/\/www.mdnl.nl\/?p=13485\"><strong>aflevering 31: <em>De eerste bloemlezing van de Nederlandse po\u00ebzie<\/em> samengesteld door Tsead Bruinja<\/strong><\/a><\/p>\n<p><a href=\"https:\/\/www.mdnl.nl\/?p=13587\"><strong>aflevering 32: <em>Weier<\/em> van Tijs van Bragt<\/strong><\/a><\/p>\n<p><a href=\"https:\/\/www.mdnl.nl\/?p=13490\"><strong>aflevering 33: <em>Met wat geluk<\/em> van Ingmar Heytze<\/strong><\/a><\/p>\n<p><a href=\"https:\/\/www.mdnl.nl\/?p=13664\"><strong>aflevering 34: <em>beginnen voor gevorderden<\/em> van H\u00e9l\u00e8ne Gel\u00e8ns<\/strong><\/a><\/p>\n<p><a href=\"https:\/\/www.mdnl.nl\/?p=13717\"><strong>aflevering 35: <em>Niet zonder geritsel<\/em> van Piet Gerbrandy<\/strong><\/a><\/p>\n<p><a href=\"https:\/\/www.mdnl.nl\/?p=13746\"><strong>aflevering 36: <em>Zo worden jaren tijd<\/em> van Cees Nooteboom<\/strong><\/a><\/p>\n<p><a href=\"https:\/\/www.mdnl.nl\/?p=13805\"><strong>aflevering 37: <em>Simones en Dianina<\/em> van Liesbeth Lagemaat<\/strong><\/a><\/p>\n<p><a href=\"https:\/\/www.mdnl.nl\/?p=13801\"><strong>aflevering 38: <em>Sunset Industries<\/em> van Jens Meijen<\/strong><\/a><\/p>\n<p><a href=\"https:\/\/www.mdnl.nl\/?p=13938\"><strong>aflevering 39: <em>Ik ben alles. Villanellen over het thema van de Boekenweek 2023<\/em><\/strong><\/a><\/p>\n<p><a href=\"https:\/\/www.mdnl.nl\/?p=13872\"><strong>aflevering 40: <em>Ik meld mij af, ik meld mij aan<\/em> van Philip Huff<\/strong><\/a><\/p>\n<p><a href=\"https:\/\/www.mdnl.nl\/?p=13934\"><strong>aflevering 41: <em>de man die blauw werd<\/em> van Erik Jan Harmens<\/strong><\/a><\/p>\n<p><a href=\"https:\/\/www.mdnl.nl\/?p=14123\"><strong>aflevering 42: <em>Terwijl wij nog slapen<\/em> van Marc Tritsmans<\/strong><\/a><\/p>\n<p><a href=\"https:\/\/www.mdnl.nl\/?p=14155\"><strong>aflevering 43: <em>Tijgerbrood<\/em> van Ruth Lasters<\/strong><\/a><\/p>\n<p><a href=\"https:\/\/www.mdnl.nl\/?p=14280\"><strong>aflevering 44: <em>Het Liegend Konijn<\/em><\/strong><\/a><\/p>\n<p><a href=\"https:\/\/www.mdnl.nl\/?p=14150\"><strong>aflevering 45: <em>Canon van de Nederlandse po\u00ebzie<\/em> van Paul Claes<\/strong><\/a><\/p>\n<p><a href=\"https:\/\/www.mdnl.nl\/?p=14415\"><strong>aflevering 46: <em>Uittocht. Laatste gesprekken en gedichten van Huub Oosterhuis<\/em><\/strong><\/a><\/p>\n<p><a href=\"https:\/\/www.mdnl.nl\/?p=14238\"><strong>aflevering 47: <em>Langs een helling<\/em> van Toon Tellegen<\/strong><\/a><\/p>\n<p><a href=\"https:\/\/www.mdnl.nl\/?p=14411\"><strong>aflevering 48: <em>honger, heteronormativiteit &amp; het heelal<\/em> van Lies Gallez<\/strong><\/a><\/p>\n<p><a href=\"https:\/\/www.mdnl.nl\/?p=14185\"><strong>aflevering 49: <em>Indolente<\/em> van Dewi de Nijs Bik<\/strong><\/a><\/p>\n<p><a href=\"https:\/\/www.mdnl.nl\/?p=14475\"><strong>aflevering 50: <em>Balts<\/em> van Luuk Gruwez<\/strong><\/a><\/p>\n<p><a href=\"https:\/\/www.mdnl.nl\/?p=14582\"><strong>aflevering 51: <em>Waarom het leven in een witte jas sneller gaat<\/em> van Erik Solvanger<\/strong><\/a><\/p>\n<p><a href=\"https:\/\/www.mdnl.nl\/?p=14603\"><strong>aflevering 52: <em>Zombie zoekt zielgeno(o)t<\/em> van Jan Lauwereyns<\/strong><\/a><\/p>\n<p><a href=\"https:\/\/www.mdnl.nl\/?p=14532\"><strong>aflevering 53: <em>Niets dan dit<\/em> van Piet Gerbrandy<\/strong><\/a><\/p>\n<p><a href=\"https:\/\/www.mdnl.nl\/?p=14585\"><strong>aflevering 54: <em>ecologica<\/em> van Rozalie Hirs<\/strong><\/a><\/p>\n<p><a href=\"https:\/\/www.mdnl.nl\/?p=14676\"><strong>aflevering 55: <em>Het witste woord<\/em> van Eva Meijer<\/strong><\/a><\/p>\n<p><a href=\"https:\/\/www.mdnl.nl\/?p=14897\"><strong>aflevering 56: <em>Weerloos tegenover alles<\/em>, een biografie van Victor E. van Vriesland<\/strong><\/a><\/p>\n<p><a href=\"https:\/\/www.mdnl.nl\/?p=14857\"><strong>aflevering 57: <em>Lievegedicht<\/em> van Joost Oomen<\/strong><\/a><\/p>\n<p><a href=\"https:\/\/www.mdnl.nl\/?p=14906\"><strong>aflevering 58: <em>Nieuwe zwanenzangen<\/em> van Jeroen Messely<\/strong><\/a><\/p>\n<p><a href=\"https:\/\/www.mdnl.nl\/?p=14902\"><strong>aflevering 59: <em>Men moet<\/em>, een biografie van Gerrit Kouwenaar<\/strong><\/a><\/p>\n<p><a href=\"https:\/\/www.mdnl.nl\/?p=15032\"><strong>aflevering 60: <em>Brandende kevers<\/em> van Tomas Lieske<\/strong><\/a><\/p>\n<p><a href=\"https:\/\/www.mdnl.nl\/?p=15038\"><strong>aflevering 61: <em>Nu we er toch zijn<\/em> van Erwin Hurenkamp<\/strong><\/a><\/p>\n<p><a href=\"https:\/\/www.mdnl.nl\/?p=15245\"><strong>aflevering 62: <em>Het Liegend Konijn<\/em><\/strong><\/a><\/p>\n<p><a href=\"https:\/\/www.mdnl.nl\/?p=15041\"><strong>aflevering 63: <em>Wij leven<\/em> van Noud Bles<\/strong><\/a><\/p>\n<p><a href=\"https:\/\/www.mdnl.nl\/?p=15168\"><strong>aflevering 64: <em>over het werkelijkheidsgehalte van de werkelijkheid<\/em> van Erik Bindervoet<\/strong><\/a><\/p>\n<p><a href=\"https:\/\/www.mdnl.nl\/?p=15171\"><strong>aflevering 65: <em>Zabriskie<\/em> van Peter Verhelst<\/strong><\/a><\/p>\n<p><a href=\"https:\/\/www.mdnl.nl\/?p=15316\"><strong>aflevering 66: <em>Het is niets<\/em> van Christine D\u2019haen<\/strong><\/a><\/p>\n<p><a href=\"https:\/\/www.mdnl.nl\/?p=15504\"><strong>aflevering 67: <em>Pelgrimsliederen. Het dichterschap van Gerard Reve<\/em> door Piet Gerbrandy<\/strong><\/a><\/p>\n<p><a href=\"https:\/\/www.mdnl.nl\/?p=15340\"><strong>aflevering 68: <em>De wereld van Wigman<\/em><\/strong><\/a><\/p>\n<p><a href=\"https:\/\/www.mdnl.nl\/?p=15344\"><strong>aflevering 69: <em>Winterbloeiers<\/em> van Yentl van Stokkum<\/strong><\/a><\/p>\n<p><a href=\"https:\/\/www.mdnl.nl\/?p=15639\"><strong>aflevering 70: <em>Mond vol dobbelstenen<\/em> van Tonnus Oosterhoff<\/strong><\/a><\/p>\n<p><a href=\"https:\/\/www.mdnl.nl\/?p=15567\"><strong>aflevering 71: <em>Licht dat naar ons tast<\/em> van Bernard Dewulf<\/strong><\/a><\/p>\n<p><a href=\"https:\/\/www.mdnl.nl\/?p=15570\"><strong>aflevering 72: <em>Het vriendenloket<\/em> van Roel Richelieu van Londersele<\/strong><\/a><\/p>\n<p><a href=\"https:\/\/www.mdnl.nl\/?p=15436\"><strong>aflevering 73: <em>Hoe het werkt<\/em> van Nachoem M. Wijnberg<\/strong><\/a><\/p>\n<p><a href=\"https:\/\/www.mdnl.nl\/?p=15690\"><strong>aflevering 74: <em>Marshmallow<\/em> van Simone Atangana Bekono<\/strong><\/a><\/p>\n<p><a href=\"https:\/\/www.mdnl.nl\/?p=15877\"><strong>aflevering 75: <em>De levens van Claus<\/em> van Mark Schaevers<\/strong><\/a><\/p>\n<p><a href=\"https:\/\/www.mdnl.nl\/?p=15693\"><strong>aflevering 76: <em>Om honing gaat het niet<\/em> van Marc Reugebrink<\/strong><\/a><\/p>\n<p><a href=\"https:\/\/www.mdnl.nl\/?p=15745\"><strong>aflevering 77: <em>Koeiendagen<\/em> van Kira Wuck<\/strong><\/a><\/p>\n<p><a href=\"https:\/\/www.mdnl.nl\/?p=15861\"><strong>aflevering 78: <em>Rozige maanvissen<\/em> van Sytse Jansma<\/strong><\/a><\/p>\n<p><a href=\"https:\/\/www.mdnl.nl\/?p=15779\"><strong>aflevering 79: <em>Moet het zo<\/em> van Daan Doesborgh<\/strong><\/a><\/p>\n<p><a href=\"https:\/\/www.mdnl.nl\/?p=15914\"><strong>aflevering 80:<em> Ommouw me<\/em> van Ted van Lieshout<\/strong><\/a><\/p>\n<p><a href=\"https:\/\/www.mdnl.nl\/?p=15917\"><strong>aflevering 81: <em>Pieta<\/em> van Mischa Andriessen<\/strong><\/a><\/p>\n<p><a href=\"https:\/\/www.mdnl.nl\/?p=16026\"><strong>aflevering 82: <em>Uit hoofde van jut<\/em> van Frans Kuipers<\/strong><\/a><\/p>\n<p><a href=\"https:\/\/www.mdnl.nl\/?p=16072\"><strong>aflevering 83: <em>Binnen in de aarde is een berg<\/em> van Hester Knibbe<\/strong><\/a><\/p>\n<p><a href=\"https:\/\/www.mdnl.nl\/?p=16074\"><strong>aflevering 84: <em>Mijn vader zegt entropie mijn moeder logica<\/em> van Sasja Janssen<\/strong><\/a><\/p>\n<p><a href=\"https:\/\/www.mdnl.nl\/?p=16089\"><strong>aflevering 85: <em>De mogelijkheid bestaat<\/em> van Eva Gerlach<\/strong><\/a><\/p>\n<p><a href=\"https:\/\/www.mdnl.nl\/?p=16437\"><strong>aflevering 86: <em>Zachte landing op leeuwenpootjes van<\/em> Astrid Lampe<\/strong><\/a><\/p>\n<p><a href=\"https:\/\/www.mdnl.nl\/?p=16092\"><strong>aflevering 87: <em>Inventaris<\/em> van Geert van Istendael<\/strong><\/a><\/p>\n<p><a href=\"https:\/\/www.mdnl.nl\/?p=16409\"><strong>aflevering 88: <em>Wie dit ziet heeft de nacht overleefd. Over de po\u00ebzie van Hanny Michaelis<\/em> van Arjan Peters<\/strong><\/a><\/p>\n<p><a href=\"https:\/\/www.mdnl.nl\/?p=16413\"><strong>aflevering 89: <em>Voor je het weet<\/em> van Kees Klok<\/strong><\/a><\/p>\n<p><a href=\"https:\/\/www.mdnl.nl\/?p=16542\"><strong>aflevering 90: <em>De verwerping van het stilzitten<\/em> van Lidy van Marissing<\/strong><\/a><\/p>\n<p><a href=\"https:\/\/www.mdnl.nl\/?p=16417\"><strong>aflevering 91: <em>De dansvloer is van iedereen<\/em> van Maaike de Wolf<\/strong><\/a><\/p>\n<p><a href=\"https:\/\/www.mdnl.nl\/?p=16492\"><strong>aflevering 92: <em>Wachtend op eerste instructies<\/em> van Willem Thies<\/strong><\/a><\/p>\n<p><a href=\"https:\/\/www.mdnl.nl\/?p=16487\"><strong>aflevering 93: <em>Ontbindende voorwaarden<\/em> van Anne Lou\u00efse van den Dool<\/strong><\/a><\/p>\n<p><a href=\"https:\/\/www.mdnl.nl\/?p=16538\"><strong>aflevering 94: <em>de kat van de muziekschool<\/em> en <em>het doel van de opticien<\/em> van F. van Dixhoorn<\/strong><\/a><\/p>\n<p><a href=\"https:\/\/www.mdnl.nl\/?p=16816\"><strong>aflevering 95: <em>Neem ruim zei de zee<\/em> van Sholeh Rezazadeh<\/strong><\/a><\/p>\n<p><a href=\"https:\/\/www.mdnl.nl\/?p=16861\"><strong>aflevering 96: <em>Dobberen<\/em> van Sophia Blyden<\/strong><\/a><\/p>\n<p><a href=\"https:\/\/www.mdnl.nl\/?p=16901\"><strong>aflevering 97: <em>Septemberzee<\/em> van Willem Jan Otten<\/strong><\/a><\/p>\n<p><a href=\"https:\/\/www.mdnl.nl\/?p=16933\"><strong>aflevering 98: <em>Stip op de horizon. 80 jaar vrijheid in 80 gedichten<\/em><\/strong><\/a><\/p>\n<p><a href=\"https:\/\/www.mdnl.nl\/?p=17037\"><strong>aflevering 99: <em>Bouwdoos<\/em> van Han van der Vegt<\/strong><\/a><\/p>\n<p><a href=\"https:\/\/www.mdnl.nl\/?p=17201\"><strong>aflevering 100: <em>Blue Whisky<\/em> van Bart Chabot<\/strong><\/a><\/p>\n<p><a href=\"https:\/\/www.mdnl.nl\/?p=17227\"><strong>aflevering 101: <em>We moeten \u2018misschien\u2019 blijven denken<\/em> van Esther Jansma<\/strong><\/a><\/p>\n<p><a href=\"https:\/\/www.mdnl.nl\/?p=17045\"><strong>aflevering 102: <em>Ragbolrinus<\/em> door Robbert-Jan Henkes naar Heinrich Hoffmann<\/strong><\/a><\/p>\n<p><a href=\"https:\/\/www.mdnl.nl\/?p=17041\"><strong>aflevering 103: <em>Dramaturgie van het loslaten<\/em> van Max Greyson<\/strong><\/a><\/p>\n<p><a href=\"https:\/\/www.mdnl.nl\/?p=17138\"><strong>aflevering 104: <em>Cura\u00e7ao bij nacht<\/em> van Oda Blinder<\/strong><\/a><\/p>\n<p><a href=\"https:\/\/www.mdnl.nl\/?p=17133\"><strong>aflevering 105: <em>Decem<\/em> van Anne Provoost<\/strong><\/a><\/p>\n<p><a href=\"https:\/\/www.mdnl.nl\/?p=17206\"><strong>aflevering 106: <em>Hier ligt de waarheid in overdaad<\/em> van Myriem El-Kaddouri<\/strong><\/a><\/p>\n<p><a href=\"https:\/\/www.mdnl.nl\/?p=17354\"><strong>aflevering 107: <em>Zonnewater<\/em> van Mark van Tongele<\/strong><\/a><\/p>\n<p><a href=\"https:\/\/www.mdnl.nl\/?p=17360\"><strong>aflevering 108: <em>Kneedwezens<\/em> van Judith Herzberg<\/strong><\/a><\/p>\n<p><a href=\"https:\/\/www.mdnl.nl\/?p=17363\"><strong>aflevering 109: <em>Alsnog<\/em> van J. Heymans<\/strong><\/a><\/p>\n<p><a href=\"https:\/\/www.mdnl.nl\/?p=17476\"><strong>aflevering 110: <em>Leer van de orchidee<\/em> van Jan Lauwereyns<\/strong><\/a><\/p>\n<p><a href=\"https:\/\/www.mdnl.nl\/?p=17497\"><strong>aflevering 111: \u2018Ander woord voor moeder\u2019 van Auke Leistra<\/strong><\/a><\/p>\n<p><a href=\"https:\/\/www.mdnl.nl\/?p=17636\"><strong>aflevering 112: <em>Oorschelpen<\/em> van Jan Kuijper<\/strong><\/a><\/p>\n<p><a href=\"https:\/\/www.mdnl.nl\/?p=17640\"><strong>aflevering 113: <em>Wat deed ik daar<\/em> van Tsead Bruinja<\/strong><\/a><\/p>\n<p><a href=\"https:\/\/www.mdnl.nl\/?p=17680\"><strong>aflevering 114: <em>Postkamer<\/em> van Ingmar Heytze<\/strong><\/a><\/p>\n<p><a href=\"https:\/\/www.mdnl.nl\/?p=17919\"><strong>aflevering 115: <em>ReinAard<\/em> van Tom Lanoye<\/strong><\/a><\/p>\n<p><a href=\"https:\/\/www.mdnl.nl\/?p=17767\"><strong>aflevering 116:<em> De weg<\/em> van Stefaan van den Bremt<\/strong><\/a><\/p>\n<p><a href=\"https:\/\/www.mdnl.nl\/?p=17793\"><strong>aflevering 117: <em>Addertje<\/em> van Jolanda Kooijmans<\/strong><\/a><\/p>\n<p><a href=\"https:\/\/www.mdnl.nl\/?p=17826\"><strong>aflevering 118: <em>De weg naar huis<\/em> van Juli\u00ebn Holtrigter<\/strong><\/a><\/p>\n<p><a href=\"https:\/\/www.mdnl.nl\/?p=18058\"><strong>aflevering 119: <em>Ons gaan allemaal<\/em> van Benzokarim<\/strong><\/a><\/p>\n<p><a href=\"https:\/\/www.mdnl.nl\/?p=17973\"><strong>aflevering 120: <em>Verblijf<\/em> van Yasmin Namavar<\/strong><\/a><\/p>\n<p><a href=\"https:\/\/www.mdnl.nl\/?p=17976\"><strong>aflevering 121: <em>Hazenklop<\/em> van Hanneke van Eijken<\/strong><\/a><\/p>\n<p><a href=\"https:\/\/www.mdnl.nl\/?p=18098\"><strong>aflevering 122: <em>Vlieg! zegt de vloer<\/em> van Eva Gerlach<\/strong><\/a><\/p>\n<p><a href=\"https:\/\/www.mdnl.nl\/?p=18101\"><strong>aflevering 123: <em>Om te helpen klaar te komen<\/em> van Nachoem M. Wijnberg<\/strong><\/a><\/p>\n<p><a href=\"https:\/\/www.mdnl.nl\/?p=18176\"><strong>aflevering 124: <em>Uit de klatergouden boot gevallen<\/em> van Elma van Haren<\/strong><\/a><\/p>\n<p><a href=\"https:\/\/www.mdnl.nl\/?p=18180\"><strong>aflevering 125: <em>Troostpogingen<\/em> van Twan Vet<\/strong><\/a><\/p>\n<p><a href=\"https:\/\/www.mdnl.nl\/?p=18242\"><strong>aflevering 126: <em>Het overschot<\/em> van Annemarie Estor<\/strong><\/a><\/p>\n<p><a href=\"https:\/\/www.mdnl.nl\/?p=18467\"><strong>aflevering 127: <em>De onderkant<\/em> van Anna Enquist<\/strong><\/a><\/p>\n<p><a href=\"https:\/\/www.mdnl.nl\/?p=18246\"><strong>aflevering 128: <em>Abnormale kinderen<\/em> van Jonathan Griffioen<\/strong><\/a><\/p>\n<p><a href=\"https:\/\/www.mdnl.nl\/?p=18384\"><strong>aflevering 129: <em>Oceandiva<\/em> van Christina Flick<\/strong><\/a><\/p>\n<p><a href=\"https:\/\/www.mdnl.nl\/?p=18486\"><strong>aflevering 130: <em>Aan wie, deze offers<\/em> van Dani\u00ebl Vis<\/strong><\/a><\/p>\n<p><a href=\"https:\/\/www.mdnl.nl\/?p=18493\"><strong>aflevering 131: <em>Richtingloos navigeren<\/em> van Esohe Weyden<\/strong><\/a><\/p>\n<p><a href=\"https:\/\/www.mdnl.nl\/?p=18697\"><strong>aflevering 132: <em>Orang\/oetan<\/em> van Gustaaf Peek<\/strong><\/a><\/p>\n<p><a href=\"https:\/\/www.mdnl.nl\/?p=18700\"><strong>aflevering 133: <em>Verzachtende omstandigheden<\/em> van Lotte Dodion<\/strong><\/a><\/p>\n<p><a href=\"https:\/\/www.mdnl.nl\/?p=18704\"><strong>aflevering 134: <em>Er hangt iets van lente in de klas<\/em><\/strong><\/a><\/p>\n<p><a href=\"https:\/\/www.mdnl.nl\/?p=18751\"><strong>aflevering 135:<em> Ik, mycelium<\/em> van Liesbeth Lagemaat<\/strong><\/a><\/p>\n<p><a href=\"https:\/\/www.mdnl.nl\/?p=19000\"><strong>aflevering 136: <em>Het Liegend Konijn<\/em><\/strong><\/a><\/p>\n<p><a href=\"https:\/\/www.mdnl.nl\/?p=18756\"><strong>aflevering 137: <em>kamers<\/em> van Sandrine Verstraete<\/strong><\/a><\/p>\n<p><a href=\"https:\/\/www.mdnl.nl\/?p=18877\"><strong>aflevering 138: <em>De vogelgrens oversteken<\/em> van Bernice Vreedzaam<\/strong><\/a><\/p>\n<p><a href=\"https:\/\/www.mdnl.nl\/?p=18880\"><strong>aflevering 139: <em>In de bijvoetbossen<\/em> van Tomas Lieske<\/strong><\/a><\/p>\n<p><a href=\"https:\/\/www.mdnl.nl\/?p=19069\"><strong>aflevering 140: <em>Sanctus<\/em> van Rob Schouten<\/strong><\/a><\/p>\n<p><a href=\"https:\/\/www.mdnl.nl\/?p=19251\"><strong>aflevering 141: <em>De geboorte van de trooster<\/em> van Anne van Amstel<\/strong><\/a><\/p>\n<p><a href=\"https:\/\/www.mdnl.nl\/?p=19212\"><strong>aflevering 142: <em>Metamorfosen<\/em> van Ellen Deckwitz<\/strong><\/a><\/p>\n<p><a href=\"https:\/\/www.mdnl.nl\/?p=19437\"><strong>aflevering 143: <em>Noord-Vlaanderen in gedichten<\/em> van Emma Crebolder<\/strong><\/a><\/p>\n<p><a href=\"https:\/\/www.mdnl.nl\/?p=19259\"><strong>aflevering 144: <em>Kintsugi<\/em> van Lucas Hirsch<\/strong><\/a><\/p>\n<p><a href=\"https:\/\/www.mdnl.nl\/?p=19255\"><strong>aflevering 145: <em>laat mijn egel met rust<\/em> van Katelijne Brouwer<\/strong><\/a><\/p>\n<p><a href=\"https:\/\/www.mdnl.nl\/?p=19581\"><strong>aflevering 146: <em>Op mijn tenen<\/em> van Toon Tellegen<\/strong><\/a><\/p>\n<p><a href=\"https:\/\/www.mdnl.nl\/?p=19427\"><strong>aflevering 147: <em>Het netwerk moet gebouwd worden<\/em> van Maxime Garcia Diaz<\/strong><\/a><\/p>\n<p><a href=\"https:\/\/www.mdnl.nl\/?p=19691\"><strong>aflevering 148: <em>Ontzettingen<\/em> van Piet Gerbrandy<\/strong><\/a><\/p>\n<p><a href=\"https:\/\/www.mdnl.nl\/?p=19431\"><strong>aflevering 149: <em>Wildnissen<\/em> van Xavier Roelens<\/strong><\/a><\/p>\n","protected":false},"excerpt":{"rendered":"<p>Mario Molegraaf belicht in deze rubriek recent verschenen bundels van Nederlandse en Vlaamse dichters.\u00a0 aflevering 1: Komijnsplitsers van Marieke Lucas Rijneveld aflevering 2: Wij waren onder de betovering van Ramsey Nasr aflevering 3: De bijendans van &hellip; <a href=\"https:\/\/www.mdnl.nl\/?page_id=11761\" class=\"more-link\">Verder lezen <span class=\"screen-reader-text\">Po\u00ebzie van nu<\/span><\/a><\/p>\n","protected":false},"author":3,"featured_media":5566,"parent":0,"menu_order":0,"comment_status":"closed","ping_status":"closed","template":"","meta":{"footnotes":""},"class_list":["post-11761","page","type-page","status-publish","has-post-thumbnail","hentry"],"_links":{"self":[{"href":"https:\/\/www.mdnl.nl\/index.php?rest_route=\/wp\/v2\/pages\/11761","targetHints":{"allow":["GET"]}}],"collection":[{"href":"https:\/\/www.mdnl.nl\/index.php?rest_route=\/wp\/v2\/pages"}],"about":[{"href":"https:\/\/www.mdnl.nl\/index.php?rest_route=\/wp\/v2\/types\/page"}],"author":[{"embeddable":true,"href":"https:\/\/www.mdnl.nl\/index.php?rest_route=\/wp\/v2\/users\/3"}],"replies":[{"embeddable":true,"href":"https:\/\/www.mdnl.nl\/index.php?rest_route=%2Fwp%2Fv2%2Fcomments&post=11761"}],"version-history":[{"count":5,"href":"https:\/\/www.mdnl.nl\/index.php?rest_route=\/wp\/v2\/pages\/11761\/revisions"}],"predecessor-version":[{"id":19717,"href":"https:\/\/www.mdnl.nl\/index.php?rest_route=\/wp\/v2\/pages\/11761\/revisions\/19717"}],"wp:featuredmedia":[{"embeddable":true,"href":"https:\/\/www.mdnl.nl\/index.php?rest_route=\/wp\/v2\/media\/5566"}],"wp:attachment":[{"href":"https:\/\/www.mdnl.nl\/index.php?rest_route=%2Fwp%2Fv2%2Fmedia&parent=11761"}],"curies":[{"name":"wp","href":"https:\/\/api.w.org\/{rel}","templated":true}]}}